{"id":30,"date":"2025-02-10T09:51:30","date_gmt":"2025-02-10T08:51:30","guid":{"rendered":"https:\/\/menageprestige.com\/?page_id=30"},"modified":"2025-02-10T09:57:10","modified_gmt":"2025-02-10T08:57:10","slug":"riviera-menage-prestige","status":"publish","type":"page","link":"https:\/\/menageprestige.com\/index.php\/riviera-menage-prestige\/","title":{"rendered":"RIVIERA MENAGE PRESTIGE"},"content":{"rendered":"\n<p>Votre partenaire de confiance sur la C\u00f4te d&#8217;Azur pour un m\u00e9nage m\u00e9ticuleux et raffin\u00e9.<\/p>\n\n\n\n<p>Riviera M\u00e9nage Prestige travaille sur son nouveau site. Merci de votre patience. Restez connect\u00e9s pour d\u00e9couvrir nos services bient\u00f4t !<\/p>\n\n\n\n<p>Pour toute demande ou information, vous pouvez nous contacter au 06.51.10.43.84 ou par mail \u00e0 riviera@menageprestige.com<\/p>\n\n\n\n<p><\/p>\n","protected":false},"excerpt":{"rendered":"<p>Votre partenaire de confiance sur la C\u00f4te d&#8217;Azur pour un m\u00e9nage m\u00e9ticuleux et raffin\u00e9. Riviera M\u00e9nage Prestige travaille sur son nouveau site. Merci de votre patience. Restez connect\u00e9s pour d\u00e9couvrir nos services bient\u00f4t ! Pour toute demande ou information, vous pouvez nous contacter au 06.51.10.43.84 ou par mail \u00e0 riviera@menageprestige.com<\/p>\n","protected":false},"author":1,"featured_media":0,"parent":0,"menu_order":1,"comment_status":"closed","ping_status":"closed","template":"page-large-header","meta":{"footnotes":""},"class_list":["post-30","page","type-page","status-publish","hentry"],"_links":{"self":[{"href":"https:\/\/menageprestige.com\/index.php\/wp-json\/wp\/v2\/pages\/30","targetHints":{"allow":["GET"]}}],"collection":[{"href":"https:\/\/menageprestige.com\/index.php\/wp-json\/wp\/v2\/pages"}],"about":[{"href":"https:\/\/menageprestige.com\/index.php\/wp-json\/wp\/v2\/types\/page"}],"author":[{"embeddable":true,"href":"https:\/\/menageprestige.com\/index.php\/wp-json\/wp\/v2\/users\/1"}],"replies":[{"embeddable":true,"href":"https:\/\/menageprestige.com\/index.php\/wp-json\/wp\/v2\/comments?post=30"}],"version-history":[{"count":4,"href":"https:\/\/menageprestige.com\/index.php\/wp-json\/wp\/v2\/pages\/30\/revisions"}],"predecessor-version":[{"id":34,"href":"https:\/\/menageprestige.com\/index.php\/wp-json\/wp\/v2\/pages\/30\/revisions\/34"}],"wp:attachment":[{"href":"https:\/\/menageprestige.com\/index.php\/wp-json\/wp\/v2\/media?parent=30"}],"curies":[{"name":"wp","href":"https:\/\/api.w.org\/{rel}","templated":true}]}}